{"id":11511,"date":"2025-07-20T10:05:58","date_gmt":"2025-07-20T10:05:58","guid":{"rendered":"https:\/\/maisonderiana.com\/?post_type=product&#038;p=11511"},"modified":"2026-02-20T07:17:02","modified_gmt":"2026-02-20T03:17:02","slug":"eclat-dete","status":"publish","type":"product","link":"https:\/\/maisonderiana.com\/ar\/shop-2\/long-dress\/eclat-dete\/","title":{"rendered":"\u00c9clat d&#8217;\u00c9t\u00e9"},"content":{"rendered":"<p>\u0641\u0633\u062a\u0627\u0646 \u0645\u0646\u0633\u062f\u0644 \u0628\u0637\u0648\u0644 \u0627\u0644\u0643\u0627\u062d\u0644 \u0645\u0639 \u062d\u0645\u0627\u0644\u0627\u062a \u0631\u0641\u064a\u0639\u0629 \u0648\u0635\u062f\u0631\u064a\u0629 \u0645\u0646\u0638\u0645\u0629\u060c \u0645\u0632\u064a\u0646 \u0628\u0637\u0628\u0639\u0629 \u0628\u064a\u0632\u0644\u064a \u0623\u0646\u064a\u0642\u0629 - \u0645\u062b\u0627\u0644\u064a \u0644\u0633\u062d\u0631 \u0627\u0644\u0646\u0647\u0627\u0631 \u0627\u0644\u0633\u0647\u0644 \u0645\u0639 \u0644\u0645\u0633\u0629 \u0645\u0646 \u0627\u0644\u0631\u0642\u064a \u0627\u0644\u0628\u0648\u0647\u064a\u0645\u064a.<\/p>","protected":false},"excerpt":{"rendered":"<p>\u0641\u0633\u062a\u0627\u0646 \u0645\u0646\u0633\u062f\u0644 \u0628\u0637\u0648\u0644 \u0627\u0644\u0643\u0627\u062d\u0644 \u0645\u0639 \u062d\u0645\u0627\u0644\u0627\u062a \u0631\u0641\u064a\u0639\u0629 \u0648\u0635\u062f\u0631\u064a\u0629 \u0645\u0646\u0638\u0645\u0629\u060c \u0645\u0632\u064a\u0646 \u0628\u0637\u0628\u0639\u0629 \u0628\u064a\u0632\u0644\u064a \u0623\u0646\u064a\u0642\u0629 - \u0645\u062b\u0627\u0644\u064a \u0644\u0633\u062d\u0631 \u0627\u0644\u0646\u0647\u0627\u0631 \u0627\u0644\u0633\u0647\u0644 \u0645\u0639 \u0644\u0645\u0633\u0629 \u0645\u0646 \u0627\u0644\u0631\u0642\u064a \u0627\u0644\u0628\u0648\u0647\u064a\u0645\u064a.<\/p>","protected":false},"featured_media":11931,"comment_status":"open","ping_status":"closed","template":"","meta":{"_monsterinsights_skip_tracking":false,"_monsterinsights_sitenote_active":false,"_monsterinsights_sitenote_note":"","_monsterinsights_sitenote_category":0,"_uf_show_specific_survey":0,"_uf_disable_surveys":false},"product_brand":[],"product_cat":[281],"product_tag":[],"class_list":{"0":"post-11511","1":"product","2":"type-product","3":"status-publish","4":"has-post-thumbnail","6":"product_cat-long-dress","8":"first","9":"instock","10":"shipping-taxable","11":"purchasable","12":"product-type-variable"},"aioseo_notices":[],"_links":{"self":[{"href":"https:\/\/maisonderiana.com\/ar\/wp-json\/wp\/v2\/product\/11511","targetHints":{"allow":["GET"]}}],"collection":[{"href":"https:\/\/maisonderiana.com\/ar\/wp-json\/wp\/v2\/product"}],"about":[{"href":"https:\/\/maisonderiana.com\/ar\/wp-json\/wp\/v2\/types\/product"}],"replies":[{"embeddable":true,"href":"https:\/\/maisonderiana.com\/ar\/wp-json\/wp\/v2\/comments?post=11511"}],"wp:featuredmedia":[{"embeddable":true,"href":"https:\/\/maisonderiana.com\/ar\/wp-json\/wp\/v2\/media\/11931"}],"wp:attachment":[{"href":"https:\/\/maisonderiana.com\/ar\/wp-json\/wp\/v2\/media?parent=11511"}],"wp:term":[{"taxonomy":"product_brand","embeddable":true,"href":"https:\/\/maisonderiana.com\/ar\/wp-json\/wp\/v2\/product_brand?post=11511"},{"taxonomy":"product_cat","embeddable":true,"href":"https:\/\/maisonderiana.com\/ar\/wp-json\/wp\/v2\/product_cat?post=11511"},{"taxonomy":"product_tag","embeddable":true,"href":"https:\/\/maisonderiana.com\/ar\/wp-json\/wp\/v2\/product_tag?post=11511"}],"curies":[{"name":"wp","href":"https:\/\/api.w.org\/{rel}","templated":true}]}}