{"id":11503,"date":"2025-07-20T09:58:59","date_gmt":"2025-07-20T09:58:59","guid":{"rendered":"https:\/\/maisonderiana.com\/?post_type=product&#038;p=11503"},"modified":"2026-02-20T07:18:13","modified_gmt":"2026-02-20T03:18:13","slug":"serenite","status":"publish","type":"product","link":"https:\/\/maisonderiana.com\/ar\/shop-2\/set\/serenite\/","title":{"rendered":"S\u00e9r\u00e9nit\u00e9"},"content":{"rendered":"<p>\u0628\u062f\u0644\u0629 \u0628\u0646\u0637\u0644\u0648\u0646 \u0645\u0635\u0645\u0645\u0629 \u0628\u0627\u0644\u0644\u0648\u0646 \u0627\u0644\u0648\u0631\u062f\u064a \u0627\u0644\u062e\u0648\u062e\u064a \u0627\u0644\u0646\u0627\u0639\u0645\u060c \u062a\u062a\u0645\u064a\u0632 \u0628\u062c\u0627\u0643\u064a\u062a \u0645\u0644\u0627\u0626\u0645 \u0645\u0639 \u0625\u063a\u0644\u0627\u0642 \u0628\u0632\u0631 \u0643\u0631\u064a\u0633\u062a\u0627\u0644\u064a \u0648\u0627\u062d\u062f \u0648\u0623\u0633\u0627\u0648\u0631 \u0645\u062a\u0639\u062f\u062f\u0629 \u0627\u0644\u0637\u0628\u0642\u0627\u062a\u060c \u0645\u0642\u062a\u0631\u0646\u0629 \u0628\u0628\u0646\u0637\u0644\u0648\u0646 \u0648\u0627\u0633\u0639 \u0627\u0644\u0633\u0627\u0642 \u0644\u0644\u062d\u0635\u0648\u0644 \u0639\u0644\u0649 \u0635\u0648\u0631\u0629 \u0638\u0644\u064a\u0629 \u0631\u0627\u0642\u064a\u0629 \u0648\u0631\u0634\u064a\u0642\u0629.<\/p>","protected":false},"excerpt":{"rendered":"<p>\u0628\u062f\u0644\u0629 \u0628\u0646\u0637\u0644\u0648\u0646 \u0645\u0635\u0645\u0645\u0629 \u0628\u0627\u0644\u0644\u0648\u0646 \u0627\u0644\u0648\u0631\u062f\u064a \u0627\u0644\u062e\u0648\u062e\u064a \u0627\u0644\u0646\u0627\u0639\u0645\u060c \u062a\u062a\u0645\u064a\u0632 \u0628\u062c\u0627\u0643\u064a\u062a \u0645\u0644\u0627\u0626\u0645 \u0645\u0639 \u0625\u063a\u0644\u0627\u0642 \u0628\u0632\u0631 \u0643\u0631\u064a\u0633\u062a\u0627\u0644\u064a \u0648\u0627\u062d\u062f \u0648\u0623\u0633\u0627\u0648\u0631 \u0645\u062a\u0639\u062f\u062f\u0629 \u0627\u0644\u0637\u0628\u0642\u0627\u062a\u060c \u0645\u0642\u062a\u0631\u0646\u0629 \u0628\u0628\u0646\u0637\u0644\u0648\u0646 \u0648\u0627\u0633\u0639 \u0627\u0644\u0633\u0627\u0642 \u0644\u0644\u062d\u0635\u0648\u0644 \u0639\u0644\u0649 \u0635\u0648\u0631\u0629 \u0638\u0644\u064a\u0629 \u0631\u0627\u0642\u064a\u0629 \u0648\u0631\u0634\u064a\u0642\u0629.<\/p>","protected":false},"featured_media":12000,"comment_status":"open","ping_status":"closed","template":"","meta":{"_monsterinsights_skip_tracking":false,"_monsterinsights_sitenote_active":false,"_monsterinsights_sitenote_note":"","_monsterinsights_sitenote_category":0,"_uf_show_specific_survey":0,"_uf_disable_surveys":false},"product_brand":[],"product_cat":[280],"product_tag":[],"class_list":{"0":"post-11503","1":"product","2":"type-product","3":"status-publish","4":"has-post-thumbnail","6":"product_cat-set","8":"first","9":"instock","10":"shipping-taxable","11":"purchasable","12":"product-type-variable"},"aioseo_notices":[],"_links":{"self":[{"href":"https:\/\/maisonderiana.com\/ar\/wp-json\/wp\/v2\/product\/11503","targetHints":{"allow":["GET"]}}],"collection":[{"href":"https:\/\/maisonderiana.com\/ar\/wp-json\/wp\/v2\/product"}],"about":[{"href":"https:\/\/maisonderiana.com\/ar\/wp-json\/wp\/v2\/types\/product"}],"replies":[{"embeddable":true,"href":"https:\/\/maisonderiana.com\/ar\/wp-json\/wp\/v2\/comments?post=11503"}],"wp:featuredmedia":[{"embeddable":true,"href":"https:\/\/maisonderiana.com\/ar\/wp-json\/wp\/v2\/media\/12000"}],"wp:attachment":[{"href":"https:\/\/maisonderiana.com\/ar\/wp-json\/wp\/v2\/media?parent=11503"}],"wp:term":[{"taxonomy":"product_brand","embeddable":true,"href":"https:\/\/maisonderiana.com\/ar\/wp-json\/wp\/v2\/product_brand?post=11503"},{"taxonomy":"product_cat","embeddable":true,"href":"https:\/\/maisonderiana.com\/ar\/wp-json\/wp\/v2\/product_cat?post=11503"},{"taxonomy":"product_tag","embeddable":true,"href":"https:\/\/maisonderiana.com\/ar\/wp-json\/wp\/v2\/product_tag?post=11503"}],"curies":[{"name":"wp","href":"https:\/\/api.w.org\/{rel}","templated":true}]}}